{"id":11,"date":"2025-01-31T14:20:19","date_gmt":"2025-01-31T14:20:19","guid":{"rendered":"http:\/\/lrb.scy.mybluehost.me\/travel-tips\/"},"modified":"2025-10-16T19:53:47","modified_gmt":"2025-10-16T19:53:47","slug":"reise-tipps","status":"publish","type":"page","link":"https:\/\/discoveredintravel.com\/en\/reise-tipps\/","title":{"rendered":"Reisetipps"},"content":{"rendered":"<h2 class=\"wp-block-heading\">Unsere Reisetipps \u2013 aus fast 20 Jahren Reiseerfahrung<\/h2>\n\n\n\n<p class=\"\">Reisen ist f\u00fcr uns l\u00e4ngst mehr als nur ein Hobby, es ist ein Lebensgef\u00fchl, unsere Leidenschaft. Seit fast 20 Jahren sind wir gemeinsam unterwegs, haben die Welt als Backpacker erkundet, in charmanten Bed &amp; Breakfasts \u00fcbernachtet und sp\u00e4ter auch luxuri\u00f6se Hotels genossen. Jede Reise hat uns etwas Neues gelehrt, \u00fcber L\u00e4nder, Menschen und dar\u00fcber, wie man das Beste aus jeder Reise herausholt. <\/p>\n\n\n\n<p class=\"\">Auf dieser Seite teilen wir unsere <strong>pers\u00f6nlichen Reisetipps<\/strong>:<br>Wie wir unsere Reisen planen, die passenden Unterk\u00fcnfte finden, g\u00fcnstig und flexibel buchen und wie wir es schaffen, unterwegs entspannt zu bleiben, egal ob Roadtrip, St\u00e4dtetrip oder Fernreise.<\/p>\n\n\n\n<p class=\"\">Egal, ob du zum ersten Mal eine gro\u00dfe Reise planst oder bereits ein erfahrener Weltenbummler bist, unsere Tipps sollen dich inspirieren, mutig loszuziehen und deine ganz eigene Art des Reisens zu finden.<\/p>\n\n\n\n<div class=\"nfd-container nfd-p-md  nfd-wb-blog__blog-13 is-style-nfd-theme-white wp-block-group is-layout-constrained wp-block-group-is-layout-constrained\">\n<div class=\"nfd-query-loop-2 wp-block-query is-layout-flow wp-block-query-is-layout-flow\"><ul class=\"columns-1 wp-block-post-template is-layout-grid wp-container-core-post-template-is-layout-19505109 wp-block-post-template-is-layout-grid\"><li class=\"wp-block-post post-666 post type-post status-publish format-standard has-post-thumbnail hentry category-reisetipps tag-reiseplanung tag-reisetipp tag-unterkunftsbuchung\">\n\n<div class=\"nfd-rounded-xl wp-block-cover is-light has-custom-content-position is-position-bottom-center\" style=\"padding-bottom:0\"><span aria-hidden=\"true\" class=\"wp-block-cover__background has-background-dim-0 has-background-dim\"><\/span><img data-recalc-dims=\"1\" loading=\"lazy\" decoding=\"async\" width=\"477\" height=\"638\" src=\"https:\/\/i0.wp.com\/discoveredintravel.com\/wp-content\/uploads\/2025\/09\/Italy-Elba-BirgitHong-9-rotated-e1757884730550.jpg?resize=477%2C638&#038;ssl=1\" class=\"wp-block-cover__image-background wp-post-image\" alt=\"Italy Elba Porto Azurro BirgitHong\" data-object-fit=\"cover\" srcset=\"https:\/\/i0.wp.com\/discoveredintravel.com\/wp-content\/uploads\/2025\/09\/Italy-Elba-BirgitHong-9-rotated-e1757884730550.jpg?w=477&amp;ssl=1 477w, https:\/\/i0.wp.com\/discoveredintravel.com\/wp-content\/uploads\/2025\/09\/Italy-Elba-BirgitHong-9-rotated-e1757884730550.jpg?resize=224%2C300&amp;ssl=1 224w, https:\/\/i0.wp.com\/discoveredintravel.com\/wp-content\/uploads\/2025\/09\/Italy-Elba-BirgitHong-9-rotated-e1757884730550.jpg?resize=9%2C12&amp;ssl=1 9w\" sizes=\"auto, (max-width: 477px) 100vw, 477px\" \/><div class=\"wp-block-cover__inner-container is-layout-constrained wp-block-cover-is-layout-constrained\">\n<div class=\"nfd-px-md is-style-default wp-block-group is-layout-constrained wp-container-core-group-is-layout-41c06ba8 wp-block-group-is-layout-constrained\">\n<div class=\"nfd-gap-md nfd-p-md nfd-rounded-xl is-style-default wp-block-group has-base-background-color has-background is-vertical is-content-justification-center is-layout-flex wp-container-core-group-is-layout-ce155fab wp-block-group-is-layout-flex\" style=\"border-top-left-radius:20px;border-top-right-radius:20px;border-bottom-left-radius:0px;border-bottom-right-radius:0px\"><div style=\"font-style:normal;font-weight:600;text-transform:uppercase\" class=\"taxonomy-category wp-block-post-terms has-small-font-size\"><a href=\"https:\/\/discoveredintravel.com\/en\/category\/reisetipps\/\" rel=\"tag\">Reisetipps<\/a><\/div>\n\n<h3 style=\"font-style:normal;font-weight:500;\" class=\"nfd-text-xl nfd-text-balance wp-block-post-title\"><a href=\"https:\/\/discoveredintravel.com\/en\/reisetipp-so-planen-wir-unsere-reise-wahlen-die-besten-unterkunfte\/\" target=\"_self\" >Travel tip: How we plan our trip and choose the best accommodations<\/a><\/h3>\n\n<div class=\"has-text-align-center wp-block-post-excerpt\"><p class=\"wp-block-post-excerpt__excerpt\">In 7 Schritten zur perfekten Reise Wie du bereits wei\u00dft &#8211; wir lieben es zu reisen und sind so oft wie m\u00f6glich unterwegs. Dabei legen wir mehr Wert darauf, so viel wie m\u00f6glich von einem Land oder einer Insel zu sehen, als 1 Woche in einer gro\u00dfen Hotelanlage am Pool zu liegen. Generell sind wir&hellip; <\/p><\/div>\n\n\n<div class=\"wp-block-group has-small-font-size is-nowrap is-layout-flex wp-container-core-group-is-layout-c0d5ccf6 wp-block-group-is-layout-flex\">\n<p class=\"\">by&nbsp;<\/p>\n\n\n<div class=\"wp-block-post-author-name\">Birgit<\/div><\/div>\n<\/div>\n<\/div>\n<\/div><\/div>\n\n<\/li><\/ul><\/div>\n\n\n\n<p class=\"\"><\/p>\n<\/div>\n\n\n\n<p class=\"\"><\/p>","protected":false},"excerpt":{"rendered":"<p>Unsere Reisetipps \u2013 aus fast 20 Jahren Reiseerfahrung Reisen ist f\u00fcr uns l\u00e4ngst mehr als nur ein Hobby, es ist ein Lebensgef\u00fchl, unsere Leidenschaft. Seit fast 20 Jahren sind wir gemeinsam unterwegs, haben die Welt als Backpacker erkundet, in charmanten Bed &amp; Breakfasts \u00fcbernachtet und sp\u00e4ter auch luxuri\u00f6se Hotels genossen. Jede Reise hat uns etwas [&hellip;]<\/p>\n","protected":false},"author":1,"featured_media":0,"parent":0,"menu_order":0,"comment_status":"closed","ping_status":"closed","template":"no-title","meta":{"nf_dc_page":"travel-tips","om_disable_all_campaigns":false,"_monsterinsights_skip_tracking":false,"_monsterinsights_sitenote_active":false,"_monsterinsights_sitenote_note":"","_monsterinsights_sitenote_category":0,"_uf_show_specific_survey":0,"_uf_disable_surveys":false,"footnotes":""},"class_list":["post-11","page","type-page","status-publish","hentry"],"aioseo_notices":[],"yoast_head":"<!-- This site is optimized with the Yoast SEO plugin v27.3 - https:\/\/yoast.com\/product\/yoast-seo-wordpress\/ -->\n<title>Reisetipps - Discovered in travel<\/title>\n<meta name=\"robots\" content=\"index, follow, max-snippet:-1, max-image-preview:large, max-video-preview:-1\" \/>\n<link rel=\"canonical\" href=\"https:\/\/discoveredintravel.com\/en\/reise-tipps\/\" \/>\n<meta property=\"og:locale\" content=\"en_US\" \/>\n<meta property=\"og:type\" content=\"article\" \/>\n<meta property=\"og:title\" content=\"Reisetipps - Discovered in travel\" \/>\n<meta property=\"og:description\" content=\"Unsere Reisetipps \u2013 aus fast 20 Jahren Reiseerfahrung Reisen ist f\u00fcr uns l\u00e4ngst mehr als nur ein Hobby, es ist ein Lebensgef\u00fchl, unsere Leidenschaft. Seit fast 20 Jahren sind wir gemeinsam unterwegs, haben die Welt als Backpacker erkundet, in charmanten Bed &amp; Breakfasts \u00fcbernachtet und sp\u00e4ter auch luxuri\u00f6se Hotels genossen. Jede Reise hat uns etwas [&hellip;]\" \/>\n<meta property=\"og:url\" content=\"https:\/\/discoveredintravel.com\/en\/reise-tipps\/\" \/>\n<meta property=\"og:site_name\" content=\"Discovered in travel\" \/>\n<meta property=\"article:publisher\" content=\"https:\/\/www.facebook.com\/discoveredintravel\/\" \/>\n<meta property=\"article:modified_time\" content=\"2025-10-16T19:53:47+00:00\" \/>\n<meta name=\"twitter:card\" content=\"summary_large_image\" \/>\n<meta name=\"twitter:label1\" content=\"Est. reading time\" \/>\n\t<meta name=\"twitter:data1\" content=\"1 minute\" \/>\n<script type=\"application\/ld+json\" class=\"yoast-schema-graph\">{\"@context\":\"https:\\\/\\\/schema.org\",\"@graph\":[{\"@type\":\"WebPage\",\"@id\":\"https:\\\/\\\/discoveredintravel.com\\\/reise-tipps\\\/\",\"url\":\"https:\\\/\\\/discoveredintravel.com\\\/reise-tipps\\\/\",\"name\":\"Reisetipps - Discovered in travel\",\"isPartOf\":{\"@id\":\"https:\\\/\\\/discoveredintravel.com\\\/#website\"},\"datePublished\":\"2025-01-31T14:20:19+00:00\",\"dateModified\":\"2025-10-16T19:53:47+00:00\",\"breadcrumb\":{\"@id\":\"https:\\\/\\\/discoveredintravel.com\\\/reise-tipps\\\/#breadcrumb\"},\"inLanguage\":\"en-US\",\"potentialAction\":[{\"@type\":\"ReadAction\",\"target\":[\"https:\\\/\\\/discoveredintravel.com\\\/reise-tipps\\\/\"]}]},{\"@type\":\"BreadcrumbList\",\"@id\":\"https:\\\/\\\/discoveredintravel.com\\\/reise-tipps\\\/#breadcrumb\",\"itemListElement\":[{\"@type\":\"ListItem\",\"position\":1,\"name\":\"Home\",\"item\":\"https:\\\/\\\/discoveredintravel.com\\\/\"},{\"@type\":\"ListItem\",\"position\":2,\"name\":\"Reisetipps\"}]},{\"@type\":\"WebSite\",\"@id\":\"https:\\\/\\\/discoveredintravel.com\\\/#website\",\"url\":\"https:\\\/\\\/discoveredintravel.com\\\/\",\"name\":\"Discoveredintravel\",\"description\":\"Unser Reiseblog bietet wertvolle Tipps, spannende Geschichten und praktische Ratschl\u00e4ge f\u00fcr das Reisen, auch mit kleinen Kindern \u2013 von abenteuerlichen Zielen bis hin zu praktischen Packlisten. Perfekt f\u00fcr alle, die das Reisen genie\u00dfen wollen!\",\"publisher\":{\"@id\":\"https:\\\/\\\/discoveredintravel.com\\\/#organization\"},\"potentialAction\":[{\"@type\":\"SearchAction\",\"target\":{\"@type\":\"EntryPoint\",\"urlTemplate\":\"https:\\\/\\\/discoveredintravel.com\\\/?s={search_term_string}\"},\"query-input\":{\"@type\":\"PropertyValueSpecification\",\"valueRequired\":true,\"valueName\":\"search_term_string\"}}],\"inLanguage\":\"en-US\"},{\"@type\":\"Organization\",\"@id\":\"https:\\\/\\\/discoveredintravel.com\\\/#organization\",\"name\":\"Discoveredintravel\",\"url\":\"https:\\\/\\\/discoveredintravel.com\\\/\",\"logo\":{\"@type\":\"ImageObject\",\"inLanguage\":\"en-US\",\"@id\":\"https:\\\/\\\/discoveredintravel.com\\\/#\\\/schema\\\/logo\\\/image\\\/\",\"url\":\"https:\\\/\\\/i0.wp.com\\\/discoveredintravel.com\\\/wp-content\\\/uploads\\\/2025\\\/02\\\/logo-png.png?fit=4000%2C1366&ssl=1\",\"contentUrl\":\"https:\\\/\\\/i0.wp.com\\\/discoveredintravel.com\\\/wp-content\\\/uploads\\\/2025\\\/02\\\/logo-png.png?fit=4000%2C1366&ssl=1\",\"width\":4000,\"height\":1366,\"caption\":\"Discoveredintravel\"},\"image\":{\"@id\":\"https:\\\/\\\/discoveredintravel.com\\\/#\\\/schema\\\/logo\\\/image\\\/\"},\"sameAs\":[\"https:\\\/\\\/www.facebook.com\\\/discoveredintravel\\\/\",\"https:\\\/\\\/www.instagram.com\\\/discoveredintravel\\\/\"]}]}<\/script>\n<!-- \/ Yoast SEO plugin. -->","yoast_head_json":{"title":"Reisetipps - Discovered in travel","robots":{"index":"index","follow":"follow","max-snippet":"max-snippet:-1","max-image-preview":"max-image-preview:large","max-video-preview":"max-video-preview:-1"},"canonical":"https:\/\/discoveredintravel.com\/en\/reise-tipps\/","og_locale":"en_US","og_type":"article","og_title":"Reisetipps - Discovered in travel","og_description":"Unsere Reisetipps \u2013 aus fast 20 Jahren Reiseerfahrung Reisen ist f\u00fcr uns l\u00e4ngst mehr als nur ein Hobby, es ist ein Lebensgef\u00fchl, unsere Leidenschaft. Seit fast 20 Jahren sind wir gemeinsam unterwegs, haben die Welt als Backpacker erkundet, in charmanten Bed &amp; Breakfasts \u00fcbernachtet und sp\u00e4ter auch luxuri\u00f6se Hotels genossen. Jede Reise hat uns etwas [&hellip;]","og_url":"https:\/\/discoveredintravel.com\/en\/reise-tipps\/","og_site_name":"Discovered in travel","article_publisher":"https:\/\/www.facebook.com\/discoveredintravel\/","article_modified_time":"2025-10-16T19:53:47+00:00","twitter_card":"summary_large_image","twitter_misc":{"Est. reading time":"1 minute"},"schema":{"@context":"https:\/\/schema.org","@graph":[{"@type":"WebPage","@id":"https:\/\/discoveredintravel.com\/reise-tipps\/","url":"https:\/\/discoveredintravel.com\/reise-tipps\/","name":"Reisetipps - Discovered in travel","isPartOf":{"@id":"https:\/\/discoveredintravel.com\/#website"},"datePublished":"2025-01-31T14:20:19+00:00","dateModified":"2025-10-16T19:53:47+00:00","breadcrumb":{"@id":"https:\/\/discoveredintravel.com\/reise-tipps\/#breadcrumb"},"inLanguage":"en-US","potentialAction":[{"@type":"ReadAction","target":["https:\/\/discoveredintravel.com\/reise-tipps\/"]}]},{"@type":"BreadcrumbList","@id":"https:\/\/discoveredintravel.com\/reise-tipps\/#breadcrumb","itemListElement":[{"@type":"ListItem","position":1,"name":"Home","item":"https:\/\/discoveredintravel.com\/"},{"@type":"ListItem","position":2,"name":"Reisetipps"}]},{"@type":"WebSite","@id":"https:\/\/discoveredintravel.com\/#website","url":"https:\/\/discoveredintravel.com\/","name":"Discoveredintravel","description":"Unser Reiseblog bietet wertvolle Tipps, spannende Geschichten und praktische Ratschl\u00e4ge f\u00fcr das Reisen, auch mit kleinen Kindern \u2013 von abenteuerlichen Zielen bis hin zu praktischen Packlisten. Perfekt f\u00fcr alle, die das Reisen genie\u00dfen wollen!","publisher":{"@id":"https:\/\/discoveredintravel.com\/#organization"},"potentialAction":[{"@type":"SearchAction","target":{"@type":"EntryPoint","urlTemplate":"https:\/\/discoveredintravel.com\/?s={search_term_string}"},"query-input":{"@type":"PropertyValueSpecification","valueRequired":true,"valueName":"search_term_string"}}],"inLanguage":"en-US"},{"@type":"Organization","@id":"https:\/\/discoveredintravel.com\/#organization","name":"Discoveredintravel","url":"https:\/\/discoveredintravel.com\/","logo":{"@type":"ImageObject","inLanguage":"en-US","@id":"https:\/\/discoveredintravel.com\/#\/schema\/logo\/image\/","url":"https:\/\/i0.wp.com\/discoveredintravel.com\/wp-content\/uploads\/2025\/02\/logo-png.png?fit=4000%2C1366&ssl=1","contentUrl":"https:\/\/i0.wp.com\/discoveredintravel.com\/wp-content\/uploads\/2025\/02\/logo-png.png?fit=4000%2C1366&ssl=1","width":4000,"height":1366,"caption":"Discoveredintravel"},"image":{"@id":"https:\/\/discoveredintravel.com\/#\/schema\/logo\/image\/"},"sameAs":["https:\/\/www.facebook.com\/discoveredintravel\/","https:\/\/www.instagram.com\/discoveredintravel\/"]}]}},"jetpack_sharing_enabled":true,"jetpack-related-posts":[{"id":64,"url":"https:\/\/discoveredintravel.com\/en\/datenschutzerklaerung\/","url_meta":{"origin":11,"position":0},"title":"Datenschutzerkl\u00e4rung","author":"Birgit","date":"March 11, 2025","format":false,"excerpt":"Wer wir sind Die Adresse unserer Website ist: https:\/\/discoveredintravel.com. Kommentare Wenn Besucher Kommentare auf der Website schreiben, sammeln wir die Daten, die im Kommentar-Formular angezeigt werden, au\u00dferdem die IP-Adresse des Besuchers und den User-Agent-String (damit wird der Browser identifiziert), um die Erkennung von Spam zu unterst\u00fctzen. Aus deiner E-Mail-Adresse kann\u2026","rel":"","context":"Similar post","block_context":{"text":"Similar post","link":""},"img":{"alt_text":"","src":"","width":0,"height":0},"classes":[]}],"_links":{"self":[{"href":"https:\/\/discoveredintravel.com\/en\/wp-json\/wp\/v2\/pages\/11","targetHints":{"allow":["GET"]}}],"collection":[{"href":"https:\/\/discoveredintravel.com\/en\/wp-json\/wp\/v2\/pages"}],"about":[{"href":"https:\/\/discoveredintravel.com\/en\/wp-json\/wp\/v2\/types\/page"}],"author":[{"embeddable":true,"href":"https:\/\/discoveredintravel.com\/en\/wp-json\/wp\/v2\/users\/1"}],"replies":[{"embeddable":true,"href":"https:\/\/discoveredintravel.com\/en\/wp-json\/wp\/v2\/comments?post=11"}],"version-history":[{"count":5,"href":"https:\/\/discoveredintravel.com\/en\/wp-json\/wp\/v2\/pages\/11\/revisions"}],"predecessor-version":[{"id":718,"href":"https:\/\/discoveredintravel.com\/en\/wp-json\/wp\/v2\/pages\/11\/revisions\/718"}],"wp:attachment":[{"href":"https:\/\/discoveredintravel.com\/en\/wp-json\/wp\/v2\/media?parent=11"}],"curies":[{"name":"wp","href":"https:\/\/api.w.org\/{rel}","templated":true}]}}