{"id":13,"date":"2025-01-31T14:20:23","date_gmt":"2025-01-31T14:20:23","guid":{"rendered":"http:\/\/lrb.scy.mybluehost.me\/contact\/"},"modified":"2025-07-31T09:12:27","modified_gmt":"2025-07-31T09:12:27","slug":"kontakt","status":"publish","type":"page","link":"https:\/\/discoveredintravel.com\/en\/kontakt\/","title":{"rendered":"Contact"},"content":{"rendered":"<h1 class=\"wp-block-site-title\"><a href=\"https:\/\/discoveredintravel.com\/en\" target=\"_self\" rel=\"home\">Discovered in travel<\/a><\/h1>\n\n<p class=\"wp-block-site-tagline\">Unser Reiseblog bietet wertvolle Tipps, spannende Geschichten und praktische Ratschl\u00e4ge f\u00fcr das Reisen, auch mit kleinen Kindern \u2013 von abenteuerlichen Zielen bis hin zu praktischen Packlisten. Perfekt f\u00fcr alle, die das Reisen genie\u00dfen wollen!<\/p>\n\n\n<div class=\"nfd-container nfd-p-md nfd-theme-white nfd-bg-surface is-style-nfd-theme-white wp-block-group is-layout-constrained wp-block-group-is-layout-constrained\">\n<div class=\"nfd-text-md nfd-gap-2xl wp-block-columns nfd-wb-animate nfd-wb-fade-in-bottom is-layout-flex wp-container-core-columns-is-layout-28f84493 wp-block-columns-is-layout-flex\">\n<div class=\"wp-block-column is-vertically-aligned-top is-layout-flow wp-container-core-column-is-layout-369f67fb wp-block-column-is-layout-flow\">\n<h2 class=\"wp-block-heading nfd-text-lg nfd-text-current has-text-align-left\">Folge uns<\/h2>\n\n\n\n<ul class=\"wp-block-social-links is-layout-flex wp-block-social-links-is-layout-flex\"><li class=\"wp-social-link wp-social-link-instagram  wp-block-social-link\"><a rel=\"noopener nofollow\" target=\"_blank\" href=\"https:\/\/www.instagram.com\/discoveredintravel\/\" class=\"wp-block-social-link-anchor\"><svg width=\"24\" height=\"24\" viewBox=\"0 0 24 24\" version=\"1.1\" xmlns=\"http:\/\/www.w3.org\/2000\/svg\" aria-hidden=\"true\" focusable=\"false\"><path d=\"M12,4.622c2.403,0,2.688,0.009,3.637,0.052c0.877,0.04,1.354,0.187,1.671,0.31c0.42,0.163,0.72,0.358,1.035,0.673 c0.315,0.315,0.51,0.615,0.673,1.035c0.123,0.317,0.27,0.794,0.31,1.671c0.043,0.949,0.052,1.234,0.052,3.637 s-0.009,2.688-0.052,3.637c-0.04,0.877-0.187,1.354-0.31,1.671c-0.163,0.42-0.358,0.72-0.673,1.035 c-0.315,0.315-0.615,0.51-1.035,0.673c-0.317,0.123-0.794,0.27-1.671,0.31c-0.949,0.043-1.233,0.052-3.637,0.052 s-2.688-0.009-3.637-0.052c-0.877-0.04-1.354-0.187-1.671-0.31c-0.42-0.163-0.72-0.358-1.035-0.673 c-0.315-0.315-0.51-0.615-0.673-1.035c-0.123-0.317-0.27-0.794-0.31-1.671C4.631,14.688,4.622,14.403,4.622,12 s0.009-2.688,0.052-3.637c0.04-0.877,0.187-1.354,0.31-1.671c0.163-0.42,0.358-0.72,0.673-1.035 c0.315-0.315,0.615-0.51,1.035-0.673c0.317-0.123,0.794-0.27,1.671-0.31C9.312,4.631,9.597,4.622,12,4.622 M12,3 C9.556,3,9.249,3.01,8.289,3.054C7.331,3.098,6.677,3.25,6.105,3.472C5.513,3.702,5.011,4.01,4.511,4.511 c-0.5,0.5-0.808,1.002-1.038,1.594C3.25,6.677,3.098,7.331,3.054,8.289C3.01,9.249,3,9.556,3,12c0,2.444,0.01,2.751,0.054,3.711 c0.044,0.958,0.196,1.612,0.418,2.185c0.23,0.592,0.538,1.094,1.038,1.594c0.5,0.5,1.002,0.808,1.594,1.038 c0.572,0.222,1.227,0.375,2.185,0.418C9.249,20.99,9.556,21,12,21s2.751-0.01,3.711-0.054c0.958-0.044,1.612-0.196,2.185-0.418 c0.592-0.23,1.094-0.538,1.594-1.038c0.5-0.5,0.808-1.002,1.038-1.594c0.222-0.572,0.375-1.227,0.418-2.185 C20.99,14.751,21,14.444,21,12s-0.01-2.751-0.054-3.711c-0.044-0.958-0.196-1.612-0.418-2.185c-0.23-0.592-0.538-1.094-1.038-1.594 c-0.5-0.5-1.002-0.808-1.594-1.038c-0.572-0.222-1.227-0.375-2.185-0.418C14.751,3.01,14.444,3,12,3L12,3z M12,7.378 c-2.552,0-4.622,2.069-4.622,4.622S9.448,16.622,12,16.622s4.622-2.069,4.622-4.622S14.552,7.378,12,7.378z M12,15 c-1.657,0-3-1.343-3-3s1.343-3,3-3s3,1.343,3,3S13.657,15,12,15z M16.804,6.116c-0.596,0-1.08,0.484-1.08,1.08 s0.484,1.08,1.08,1.08c0.596,0,1.08-0.484,1.08-1.08S17.401,6.116,16.804,6.116z\"><\/path><\/svg><span class=\"wp-block-social-link-label screen-reader-text\">Instagram<\/span><\/a><\/li>\n\n<li class=\"wp-social-link wp-social-link-facebook  wp-block-social-link\"><a rel=\"noopener nofollow\" target=\"_blank\" href=\"https:\/\/www.facebook.com\/discoveredintravel\/\" class=\"wp-block-social-link-anchor\"><svg width=\"24\" height=\"24\" viewBox=\"0 0 24 24\" version=\"1.1\" xmlns=\"http:\/\/www.w3.org\/2000\/svg\" aria-hidden=\"true\" focusable=\"false\"><path d=\"M12 2C6.5 2 2 6.5 2 12c0 5 3.7 9.1 8.4 9.9v-7H7.9V12h2.5V9.8c0-2.5 1.5-3.9 3.8-3.9 1.1 0 2.2.2 2.2.2v2.5h-1.3c-1.2 0-1.6.8-1.6 1.6V12h2.8l-.4 2.9h-2.3v7C18.3 21.1 22 17 22 12c0-5.5-4.5-10-10-10z\"><\/path><\/svg><span class=\"wp-block-social-link-label screen-reader-text\">Facebook<\/span><\/a><\/li><\/ul>\n\n\n\n<p class=\"\">Erfahre mehr <a href=\"https:\/\/discoveredintravel.com\/about-us\/\">\u00fcber uns<\/a><\/p>\n<\/div>\n\n\n\n<div class=\"wp-block-column is-vertically-aligned-top is-layout-flow wp-container-core-column-is-layout-369f67fb wp-block-column-is-layout-flow\">\n<h2 class=\"wp-block-heading nfd-text-lg nfd-text-current\">Kontakt<\/h2>\n\n\n\n<div class=\"nfd-text-opacity-80 wp-block-group is-content-justification-left is-layout-constrained wp-container-core-group-is-layout-7526a028 wp-block-group-is-layout-constrained\">\n<p class=\"\"><strong>Email<br><\/strong><a href=\"mailto:hi@example.com\">discoveredintravel@gmail.com<\/a><\/p>\n\n\n\n<p class=\"\"><\/p>\n<\/div>\n<\/div>\n<\/div>\n<\/div>\n\n\n\n<h2 class=\"wp-block-heading\">Anmeldung f\u00fcr unseren Newsletter<\/h2>\n\n\n\n<p class=\"\">Sp\u00e4ter wird es dann auch mal Newsletter zu unseren Blog geben. Melde dich schon mal an um keine Neuigkeiten zu verpassen!<\/p>\n\n\n<div class=\"wpforms-container wpforms-container-full wpforms-block wpforms-block-8e5d7005-d673-4aa3-ac91-e73d09d63901 wpforms-render-modern\" id=\"wpforms-68\"><form id=\"wpforms-form-68\" class=\"wpforms-validate wpforms-form wpforms-ajax-form\" data-formid=\"68\" method=\"post\" enctype=\"multipart\/form-data\" action=\"\/en\/wp-json\/wp\/v2\/pages\/13\" data-token=\"60cb84950dfd6d969fc3271fe36c12a1\" data-token-time=\"1778158753\"><noscript class=\"wpforms-error-noscript\">Please enable JavaScript in your browser to complete this form.<\/noscript><div id=\"wpforms-error-noscript\" style=\"display: none;\">Please enable JavaScript in your browser to complete this form.<\/div><div class=\"wpforms-field-container\">\t\t<div id=\"wpforms-68-field_3-container\"\n\t\t\tclass=\"wpforms-field wpforms-field-text\"\n\t\t\tdata-field-type=\"text\"\n\t\t\tdata-field-id=\"3\"\n\t\t\t>\n\t\t\t<label class=\"wpforms-field-label\" for=\"wpforms-68-field_3\" >Name Email<\/label>\n\t\t\t<input type=\"text\" id=\"wpforms-68-field_3\" class=\"wpforms-field-medium\" name=\"wpforms[fields][3]\" >\n\t\t<\/div>\n\t\t<div id=\"wpforms-68-field_1-container\" class=\"wpforms-field wpforms-field-name\" data-field-id=\"1\"><label class=\"wpforms-field-label\" for=\"wpforms-68-field_1\">Name <span class=\"wpforms-required-label\" aria-hidden=\"true\">*<\/span><\/label><input type=\"text\" id=\"wpforms-68-field_1\" class=\"wpforms-field-medium wpforms-field-required\" name=\"wpforms[fields][1]\" aria-errormessage=\"wpforms-68-field_1-error\" required><\/div><div id=\"wpforms-68-field_2-container\" class=\"wpforms-field wpforms-field-email\" data-field-id=\"2\"><label class=\"wpforms-field-label\" for=\"wpforms-68-field_2\">Email <span class=\"wpforms-required-label\" aria-hidden=\"true\">*<\/span><\/label><input type=\"email\" id=\"wpforms-68-field_2\" class=\"wpforms-field-medium wpforms-field-required\" name=\"wpforms[fields][2]\" spellcheck=\"false\" aria-errormessage=\"wpforms-68-field_2-error\" required><\/div><script>\n\t\t\t\t( function() {\n\t\t\t\t\tconst style = document.createElement( 'style' );\n\t\t\t\t\tstyle.appendChild( document.createTextNode( '#wpforms-68-field_3-container { position: absolute !important; overflow: hidden !important; display: inline !important; height: 1px !important; width: 1px !important; z-index: -1000 !important; padding: 0 !important; } #wpforms-68-field_3-container input { visibility: hidden; } #wpforms-conversational-form-page #wpforms-68-field_3-container label { counter-increment: none; }' ) );\n\t\t\t\t\tdocument.head.appendChild( style );\n\t\t\t\t\tdocument.currentScript?.remove();\n\t\t\t\t} )();\n\t\t\t<\/script><\/div><!-- .wpforms-field-container --><div class=\"wpforms-submit-container\" ><input type=\"hidden\" name=\"wpforms[id]\" value=\"68\"><input type=\"hidden\" name=\"page_title\" value=\"\"><input type=\"hidden\" name=\"page_url\" value=\"https:\/\/discoveredintravel.com\/en\/wp-json\/wp\/v2\/pages\/13\"><input type=\"hidden\" name=\"url_referer\" value=\"\"><button type=\"submit\" name=\"wpforms[submit]\" id=\"wpforms-submit-68\" class=\"wpforms-submit\" data-alt-text=\"Sending...\" data-submit-text=\"Senden\" aria-live=\"assertive\" value=\"wpforms-submit\">Senden<\/button><img loading=\"lazy\" decoding=\"async\" src=\"https:\/\/discoveredintravel.com\/wp-content\/plugins\/wpforms-lite\/assets\/images\/submit-spin.svg\" class=\"wpforms-submit-spinner\" style=\"display: none;\" width=\"26\" height=\"26\" alt=\"Loading\"><\/div><\/form><\/div>  <!-- .wpforms-container -->","protected":false},"excerpt":{"rendered":"<p>Folge uns Erfahre mehr \u00fcber uns Kontakt Emaildiscoveredintravel@gmail.com Anmeldung f\u00fcr unseren Newsletter Sp\u00e4ter wird es dann auch mal Newsletter zu unseren Blog geben. Melde dich schon mal an um keine Neuigkeiten zu verpassen!<\/p>","protected":false},"author":1,"featured_media":0,"parent":0,"menu_order":0,"comment_status":"closed","ping_status":"closed","template":"no-title","meta":{"nf_dc_page":"contact","om_disable_all_campaigns":false,"_monsterinsights_skip_tracking":false,"_monsterinsights_sitenote_active":false,"_monsterinsights_sitenote_note":"","_monsterinsights_sitenote_category":0,"_uf_show_specific_survey":0,"_uf_disable_surveys":false,"footnotes":""},"class_list":["post-13","page","type-page","status-publish","hentry"],"aioseo_notices":[],"yoast_head":"<!-- This site is optimized with the Yoast SEO plugin v27.3 - https:\/\/yoast.com\/product\/yoast-seo-wordpress\/ -->\n<title>Kontakt - Discovered in travel<\/title>\n<meta name=\"robots\" content=\"index, follow, max-snippet:-1, max-image-preview:large, max-video-preview:-1\" \/>\n<link rel=\"canonical\" href=\"https:\/\/discoveredintravel.com\/en\/kontakt\/\" \/>\n<meta property=\"og:locale\" content=\"en_US\" \/>\n<meta property=\"og:type\" content=\"article\" \/>\n<meta property=\"og:title\" content=\"Kontakt - Discovered in travel\" \/>\n<meta property=\"og:description\" content=\"Folge uns Erfahre mehr \u00fcber uns Kontakt Emaildiscoveredintravel@gmail.com Anmeldung f\u00fcr unseren Newsletter Sp\u00e4ter wird es dann auch mal Newsletter zu unseren Blog geben. Melde dich schon mal an um keine Neuigkeiten zu verpassen!\" \/>\n<meta property=\"og:url\" content=\"https:\/\/discoveredintravel.com\/en\/kontakt\/\" \/>\n<meta property=\"og:site_name\" content=\"Discovered in travel\" \/>\n<meta property=\"article:publisher\" content=\"https:\/\/www.facebook.com\/discoveredintravel\/\" \/>\n<meta property=\"article:modified_time\" content=\"2025-07-31T09:12:27+00:00\" \/>\n<meta name=\"twitter:card\" content=\"summary_large_image\" \/>\n<meta name=\"twitter:label1\" content=\"Est. reading time\" \/>\n\t<meta name=\"twitter:data1\" content=\"1 minute\" \/>\n<script type=\"application\/ld+json\" class=\"yoast-schema-graph\">{\"@context\":\"https:\\\/\\\/schema.org\",\"@graph\":[{\"@type\":\"WebPage\",\"@id\":\"https:\\\/\\\/discoveredintravel.com\\\/kontakt\\\/\",\"url\":\"https:\\\/\\\/discoveredintravel.com\\\/kontakt\\\/\",\"name\":\"Kontakt - Discovered in travel\",\"isPartOf\":{\"@id\":\"https:\\\/\\\/discoveredintravel.com\\\/#website\"},\"datePublished\":\"2025-01-31T14:20:23+00:00\",\"dateModified\":\"2025-07-31T09:12:27+00:00\",\"breadcrumb\":{\"@id\":\"https:\\\/\\\/discoveredintravel.com\\\/kontakt\\\/#breadcrumb\"},\"inLanguage\":\"en-US\",\"potentialAction\":[{\"@type\":\"ReadAction\",\"target\":[\"https:\\\/\\\/discoveredintravel.com\\\/kontakt\\\/\"]}]},{\"@type\":\"BreadcrumbList\",\"@id\":\"https:\\\/\\\/discoveredintravel.com\\\/kontakt\\\/#breadcrumb\",\"itemListElement\":[{\"@type\":\"ListItem\",\"position\":1,\"name\":\"Home\",\"item\":\"https:\\\/\\\/discoveredintravel.com\\\/\"},{\"@type\":\"ListItem\",\"position\":2,\"name\":\"Kontakt\"}]},{\"@type\":\"WebSite\",\"@id\":\"https:\\\/\\\/discoveredintravel.com\\\/#website\",\"url\":\"https:\\\/\\\/discoveredintravel.com\\\/\",\"name\":\"Discoveredintravel\",\"description\":\"Unser Reiseblog bietet wertvolle Tipps, spannende Geschichten und praktische Ratschl\u00e4ge f\u00fcr das Reisen, auch mit kleinen Kindern \u2013 von abenteuerlichen Zielen bis hin zu praktischen Packlisten. Perfekt f\u00fcr alle, die das Reisen genie\u00dfen wollen!\",\"publisher\":{\"@id\":\"https:\\\/\\\/discoveredintravel.com\\\/#organization\"},\"potentialAction\":[{\"@type\":\"SearchAction\",\"target\":{\"@type\":\"EntryPoint\",\"urlTemplate\":\"https:\\\/\\\/discoveredintravel.com\\\/?s={search_term_string}\"},\"query-input\":{\"@type\":\"PropertyValueSpecification\",\"valueRequired\":true,\"valueName\":\"search_term_string\"}}],\"inLanguage\":\"en-US\"},{\"@type\":\"Organization\",\"@id\":\"https:\\\/\\\/discoveredintravel.com\\\/#organization\",\"name\":\"Discoveredintravel\",\"url\":\"https:\\\/\\\/discoveredintravel.com\\\/\",\"logo\":{\"@type\":\"ImageObject\",\"inLanguage\":\"en-US\",\"@id\":\"https:\\\/\\\/discoveredintravel.com\\\/#\\\/schema\\\/logo\\\/image\\\/\",\"url\":\"https:\\\/\\\/i0.wp.com\\\/discoveredintravel.com\\\/wp-content\\\/uploads\\\/2025\\\/02\\\/logo-png.png?fit=4000%2C1366&ssl=1\",\"contentUrl\":\"https:\\\/\\\/i0.wp.com\\\/discoveredintravel.com\\\/wp-content\\\/uploads\\\/2025\\\/02\\\/logo-png.png?fit=4000%2C1366&ssl=1\",\"width\":4000,\"height\":1366,\"caption\":\"Discoveredintravel\"},\"image\":{\"@id\":\"https:\\\/\\\/discoveredintravel.com\\\/#\\\/schema\\\/logo\\\/image\\\/\"},\"sameAs\":[\"https:\\\/\\\/www.facebook.com\\\/discoveredintravel\\\/\",\"https:\\\/\\\/www.instagram.com\\\/discoveredintravel\\\/\"]}]}<\/script>\n<!-- \/ Yoast SEO plugin. -->","yoast_head_json":{"title":"Kontakt - Discovered in travel","robots":{"index":"index","follow":"follow","max-snippet":"max-snippet:-1","max-image-preview":"max-image-preview:large","max-video-preview":"max-video-preview:-1"},"canonical":"https:\/\/discoveredintravel.com\/en\/kontakt\/","og_locale":"en_US","og_type":"article","og_title":"Kontakt - Discovered in travel","og_description":"Folge uns Erfahre mehr \u00fcber uns Kontakt Emaildiscoveredintravel@gmail.com Anmeldung f\u00fcr unseren Newsletter Sp\u00e4ter wird es dann auch mal Newsletter zu unseren Blog geben. Melde dich schon mal an um keine Neuigkeiten zu verpassen!","og_url":"https:\/\/discoveredintravel.com\/en\/kontakt\/","og_site_name":"Discovered in travel","article_publisher":"https:\/\/www.facebook.com\/discoveredintravel\/","article_modified_time":"2025-07-31T09:12:27+00:00","twitter_card":"summary_large_image","twitter_misc":{"Est. reading time":"1 minute"},"schema":{"@context":"https:\/\/schema.org","@graph":[{"@type":"WebPage","@id":"https:\/\/discoveredintravel.com\/kontakt\/","url":"https:\/\/discoveredintravel.com\/kontakt\/","name":"Kontakt - Discovered in travel","isPartOf":{"@id":"https:\/\/discoveredintravel.com\/#website"},"datePublished":"2025-01-31T14:20:23+00:00","dateModified":"2025-07-31T09:12:27+00:00","breadcrumb":{"@id":"https:\/\/discoveredintravel.com\/kontakt\/#breadcrumb"},"inLanguage":"en-US","potentialAction":[{"@type":"ReadAction","target":["https:\/\/discoveredintravel.com\/kontakt\/"]}]},{"@type":"BreadcrumbList","@id":"https:\/\/discoveredintravel.com\/kontakt\/#breadcrumb","itemListElement":[{"@type":"ListItem","position":1,"name":"Home","item":"https:\/\/discoveredintravel.com\/"},{"@type":"ListItem","position":2,"name":"Kontakt"}]},{"@type":"WebSite","@id":"https:\/\/discoveredintravel.com\/#website","url":"https:\/\/discoveredintravel.com\/","name":"Discoveredintravel","description":"Unser Reiseblog bietet wertvolle Tipps, spannende Geschichten und praktische Ratschl\u00e4ge f\u00fcr das Reisen, auch mit kleinen Kindern \u2013 von abenteuerlichen Zielen bis hin zu praktischen Packlisten. Perfekt f\u00fcr alle, die das Reisen genie\u00dfen wollen!","publisher":{"@id":"https:\/\/discoveredintravel.com\/#organization"},"potentialAction":[{"@type":"SearchAction","target":{"@type":"EntryPoint","urlTemplate":"https:\/\/discoveredintravel.com\/?s={search_term_string}"},"query-input":{"@type":"PropertyValueSpecification","valueRequired":true,"valueName":"search_term_string"}}],"inLanguage":"en-US"},{"@type":"Organization","@id":"https:\/\/discoveredintravel.com\/#organization","name":"Discoveredintravel","url":"https:\/\/discoveredintravel.com\/","logo":{"@type":"ImageObject","inLanguage":"en-US","@id":"https:\/\/discoveredintravel.com\/#\/schema\/logo\/image\/","url":"https:\/\/i0.wp.com\/discoveredintravel.com\/wp-content\/uploads\/2025\/02\/logo-png.png?fit=4000%2C1366&ssl=1","contentUrl":"https:\/\/i0.wp.com\/discoveredintravel.com\/wp-content\/uploads\/2025\/02\/logo-png.png?fit=4000%2C1366&ssl=1","width":4000,"height":1366,"caption":"Discoveredintravel"},"image":{"@id":"https:\/\/discoveredintravel.com\/#\/schema\/logo\/image\/"},"sameAs":["https:\/\/www.facebook.com\/discoveredintravel\/","https:\/\/www.instagram.com\/discoveredintravel\/"]}]}},"jetpack_sharing_enabled":true,"jetpack-related-posts":[{"id":64,"url":"https:\/\/discoveredintravel.com\/en\/datenschutzerklaerung\/","url_meta":{"origin":13,"position":0},"title":"Datenschutzerkl\u00e4rung","author":"Birgit","date":"March 11, 2025","format":false,"excerpt":"Wer wir sind Die Adresse unserer Website ist: https:\/\/discoveredintravel.com. Kommentare Wenn Besucher Kommentare auf der Website schreiben, sammeln wir die Daten, die im Kommentar-Formular angezeigt werden, au\u00dferdem die IP-Adresse des Besuchers und den User-Agent-String (damit wird der Browser identifiziert), um die Erkennung von Spam zu unterst\u00fctzen. Aus deiner E-Mail-Adresse kann\u2026","rel":"","context":"Similar post","block_context":{"text":"Similar post","link":""},"img":{"alt_text":"","src":"","width":0,"height":0},"classes":[]}],"_links":{"self":[{"href":"https:\/\/discoveredintravel.com\/en\/wp-json\/wp\/v2\/pages\/13","targetHints":{"allow":["GET"]}}],"collection":[{"href":"https:\/\/discoveredintravel.com\/en\/wp-json\/wp\/v2\/pages"}],"about":[{"href":"https:\/\/discoveredintravel.com\/en\/wp-json\/wp\/v2\/types\/page"}],"author":[{"embeddable":true,"href":"https:\/\/discoveredintravel.com\/en\/wp-json\/wp\/v2\/users\/1"}],"replies":[{"embeddable":true,"href":"https:\/\/discoveredintravel.com\/en\/wp-json\/wp\/v2\/comments?post=13"}],"version-history":[{"count":6,"href":"https:\/\/discoveredintravel.com\/en\/wp-json\/wp\/v2\/pages\/13\/revisions"}],"predecessor-version":[{"id":336,"href":"https:\/\/discoveredintravel.com\/en\/wp-json\/wp\/v2\/pages\/13\/revisions\/336"}],"wp:attachment":[{"href":"https:\/\/discoveredintravel.com\/en\/wp-json\/wp\/v2\/media?parent=13"}],"curies":[{"name":"wp","href":"https:\/\/api.w.org\/{rel}","templated":true}]}}