{"id":3,"date":"2025-01-27T01:04:54","date_gmt":"2025-01-27T01:04:54","guid":{"rendered":"http:\/\/box4288\/cgi\/addon_GT.cgi?s=GT::WP::Install::Cpanel+%28lrbscymy%29+-+127.0.0.1+%5Bnocaller%5D\/?page_id=3"},"modified":"2025-03-11T12:44:29","modified_gmt":"2025-03-11T12:44:29","slug":"privacy-policy","status":"publish","type":"page","link":"https:\/\/discoveredintravel.com\/en\/privacy-policy\/","title":{"rendered":"Impressum"},"content":{"rendered":"<p class=\"\">Offenlegungspflicht gem. \u00a7 25 MedienG und Information gem. \u00a7 5 ECG<strong>:<\/strong><\/p>\n\n\n\n<h2 class=\"wp-block-heading\"><strong>Medieninhaber und Autor:<\/strong><\/h2>\n\n\n\n<p class=\"\">Birgit &amp; David Hong<br>Dorf 35, 6352 Ellmau<br>\u00d6sterreich<\/p>\n\n\n\n<p class=\"\"><strong>Kontakt:<\/strong><\/p>\n\n\n\n<p class=\"\">www.discoveredintravel.com<br>E-Mail:<a> <\/a><a href=\"\/en\/discoveredintravel@gmail.com\/\">discoveredintravel@gmail.com<\/a><\/p>\n\n\n\n<h3 class=\"wp-block-heading\"><strong>Bilder und Texte:<\/strong><\/h3>\n\n\n\n<p class=\"\">Birgit &amp; David Hong sind die gesetzlichen Copyrigt-Inhaber und Urheber f\u00fcr die zur Verf\u00fcgung gestellten Bilder und Inhalte. Bei Interesse einer Ver\u00f6ffentlichung bitten wir um Kontaktaufnahme. Die Vervielf\u00e4ltigung, Bearbeitung, Verbreitung und jede Art der Verwertung au\u00dferhalb der Grenzen des Urheberrechtes bed\u00fcrfen unserer schriftlichen Zustimmung.<\/p>\n\n\n\n<h3 class=\"wp-block-heading\"><strong>Haftungsausschluss:<\/strong><\/h3>\n\n\n\n<p class=\"\">Alle Inhalte dieser Website wurden mit gr\u00f6\u00dfter Sorgfalt erstellt. Dennoch kann keine Haftung f\u00fcr die Richtigkeit, Vollst\u00e4ndigkeit und Aktualit\u00e4t der Inhalte \u00fcbernommen werden. Haftungsanspr\u00fcche gegen den Autor aufgrund der Nutzung der Inhalte oder der Unm\u00f6glichkeit der Nutzung sind ausgeschlossen.<\/p>","protected":false},"excerpt":{"rendered":"<p>Offenlegungspflicht gem. \u00a7 25 MedienG und Information gem. \u00a7 5 ECG: Medieninhaber und Autor: Birgit &amp; David HongDorf 35, 6352 Ellmau\u00d6sterreich Kontakt: www.discoveredintravel.comE-Mail: discoveredintravel@gmail.com Bilder und Texte: Birgit &amp; David Hong sind die gesetzlichen Copyrigt-Inhaber und Urheber f\u00fcr die zur Verf\u00fcgung gestellten Bilder und Inhalte. Bei Interesse einer Ver\u00f6ffentlichung bitten wir um Kontaktaufnahme. Die Vervielf\u00e4ltigung, [&hellip;]<\/p>\n","protected":false},"author":1,"featured_media":0,"parent":0,"menu_order":0,"comment_status":"closed","ping_status":"closed","template":"","meta":{"nf_dc_page":"","om_disable_all_campaigns":false,"_monsterinsights_skip_tracking":false,"_monsterinsights_sitenote_active":false,"_monsterinsights_sitenote_note":"","_monsterinsights_sitenote_category":0,"_uf_show_specific_survey":0,"_uf_disable_surveys":false,"footnotes":""},"class_list":["post-3","page","type-page","status-publish","hentry"],"aioseo_notices":[],"yoast_head":"<!-- This site is optimized with the Yoast SEO plugin v27.3 - https:\/\/yoast.com\/product\/yoast-seo-wordpress\/ -->\n<title>Impressum - Discovered in travel<\/title>\n<meta name=\"robots\" content=\"index, follow, max-snippet:-1, max-image-preview:large, max-video-preview:-1\" \/>\n<link rel=\"canonical\" href=\"https:\/\/discoveredintravel.com\/en\/privacy-policy\/\" \/>\n<meta property=\"og:locale\" content=\"en_US\" \/>\n<meta property=\"og:type\" content=\"article\" \/>\n<meta property=\"og:title\" content=\"Impressum - Discovered in travel\" \/>\n<meta property=\"og:description\" content=\"Offenlegungspflicht gem. \u00a7 25 MedienG und Information gem. \u00a7 5 ECG: Medieninhaber und Autor: Birgit &amp; David HongDorf 35, 6352 Ellmau\u00d6sterreich Kontakt: www.discoveredintravel.comE-Mail: discoveredintravel@gmail.com Bilder und Texte: Birgit &amp; David Hong sind die gesetzlichen Copyrigt-Inhaber und Urheber f\u00fcr die zur Verf\u00fcgung gestellten Bilder und Inhalte. Bei Interesse einer Ver\u00f6ffentlichung bitten wir um Kontaktaufnahme. Die Vervielf\u00e4ltigung, [&hellip;]\" \/>\n<meta property=\"og:url\" content=\"https:\/\/discoveredintravel.com\/en\/privacy-policy\/\" \/>\n<meta property=\"og:site_name\" content=\"Discovered in travel\" \/>\n<meta property=\"article:publisher\" content=\"https:\/\/www.facebook.com\/discoveredintravel\/\" \/>\n<meta property=\"article:modified_time\" content=\"2025-03-11T12:44:29+00:00\" \/>\n<meta name=\"twitter:card\" content=\"summary_large_image\" \/>\n<meta name=\"twitter:label1\" content=\"Est. reading time\" \/>\n\t<meta name=\"twitter:data1\" content=\"1 minute\" \/>\n<script type=\"application\/ld+json\" class=\"yoast-schema-graph\">{\"@context\":\"https:\\\/\\\/schema.org\",\"@graph\":[{\"@type\":\"WebPage\",\"@id\":\"https:\\\/\\\/discoveredintravel.com\\\/privacy-policy\\\/\",\"url\":\"https:\\\/\\\/discoveredintravel.com\\\/privacy-policy\\\/\",\"name\":\"Impressum - Discovered in travel\",\"isPartOf\":{\"@id\":\"https:\\\/\\\/discoveredintravel.com\\\/#website\"},\"datePublished\":\"2025-01-27T01:04:54+00:00\",\"dateModified\":\"2025-03-11T12:44:29+00:00\",\"breadcrumb\":{\"@id\":\"https:\\\/\\\/discoveredintravel.com\\\/privacy-policy\\\/#breadcrumb\"},\"inLanguage\":\"en-US\",\"potentialAction\":[{\"@type\":\"ReadAction\",\"target\":[\"https:\\\/\\\/discoveredintravel.com\\\/privacy-policy\\\/\"]}]},{\"@type\":\"BreadcrumbList\",\"@id\":\"https:\\\/\\\/discoveredintravel.com\\\/privacy-policy\\\/#breadcrumb\",\"itemListElement\":[{\"@type\":\"ListItem\",\"position\":1,\"name\":\"Home\",\"item\":\"https:\\\/\\\/discoveredintravel.com\\\/\"},{\"@type\":\"ListItem\",\"position\":2,\"name\":\"Impressum\"}]},{\"@type\":\"WebSite\",\"@id\":\"https:\\\/\\\/discoveredintravel.com\\\/#website\",\"url\":\"https:\\\/\\\/discoveredintravel.com\\\/\",\"name\":\"Discoveredintravel\",\"description\":\"Unser Reiseblog bietet wertvolle Tipps, spannende Geschichten und praktische Ratschl\u00e4ge f\u00fcr das Reisen, auch mit kleinen Kindern \u2013 von abenteuerlichen Zielen bis hin zu praktischen Packlisten. Perfekt f\u00fcr alle, die das Reisen genie\u00dfen wollen!\",\"publisher\":{\"@id\":\"https:\\\/\\\/discoveredintravel.com\\\/#organization\"},\"potentialAction\":[{\"@type\":\"SearchAction\",\"target\":{\"@type\":\"EntryPoint\",\"urlTemplate\":\"https:\\\/\\\/discoveredintravel.com\\\/?s={search_term_string}\"},\"query-input\":{\"@type\":\"PropertyValueSpecification\",\"valueRequired\":true,\"valueName\":\"search_term_string\"}}],\"inLanguage\":\"en-US\"},{\"@type\":\"Organization\",\"@id\":\"https:\\\/\\\/discoveredintravel.com\\\/#organization\",\"name\":\"Discoveredintravel\",\"url\":\"https:\\\/\\\/discoveredintravel.com\\\/\",\"logo\":{\"@type\":\"ImageObject\",\"inLanguage\":\"en-US\",\"@id\":\"https:\\\/\\\/discoveredintravel.com\\\/#\\\/schema\\\/logo\\\/image\\\/\",\"url\":\"https:\\\/\\\/i0.wp.com\\\/discoveredintravel.com\\\/wp-content\\\/uploads\\\/2025\\\/02\\\/logo-png.png?fit=4000%2C1366&ssl=1\",\"contentUrl\":\"https:\\\/\\\/i0.wp.com\\\/discoveredintravel.com\\\/wp-content\\\/uploads\\\/2025\\\/02\\\/logo-png.png?fit=4000%2C1366&ssl=1\",\"width\":4000,\"height\":1366,\"caption\":\"Discoveredintravel\"},\"image\":{\"@id\":\"https:\\\/\\\/discoveredintravel.com\\\/#\\\/schema\\\/logo\\\/image\\\/\"},\"sameAs\":[\"https:\\\/\\\/www.facebook.com\\\/discoveredintravel\\\/\",\"https:\\\/\\\/www.instagram.com\\\/discoveredintravel\\\/\"]}]}<\/script>\n<!-- \/ Yoast SEO plugin. -->","yoast_head_json":{"title":"Impressum - Discovered in travel","robots":{"index":"index","follow":"follow","max-snippet":"max-snippet:-1","max-image-preview":"max-image-preview:large","max-video-preview":"max-video-preview:-1"},"canonical":"https:\/\/discoveredintravel.com\/en\/privacy-policy\/","og_locale":"en_US","og_type":"article","og_title":"Impressum - Discovered in travel","og_description":"Offenlegungspflicht gem. \u00a7 25 MedienG und Information gem. \u00a7 5 ECG: Medieninhaber und Autor: Birgit &amp; David HongDorf 35, 6352 Ellmau\u00d6sterreich Kontakt: www.discoveredintravel.comE-Mail: discoveredintravel@gmail.com Bilder und Texte: Birgit &amp; David Hong sind die gesetzlichen Copyrigt-Inhaber und Urheber f\u00fcr die zur Verf\u00fcgung gestellten Bilder und Inhalte. Bei Interesse einer Ver\u00f6ffentlichung bitten wir um Kontaktaufnahme. Die Vervielf\u00e4ltigung, [&hellip;]","og_url":"https:\/\/discoveredintravel.com\/en\/privacy-policy\/","og_site_name":"Discovered in travel","article_publisher":"https:\/\/www.facebook.com\/discoveredintravel\/","article_modified_time":"2025-03-11T12:44:29+00:00","twitter_card":"summary_large_image","twitter_misc":{"Est. reading time":"1 minute"},"schema":{"@context":"https:\/\/schema.org","@graph":[{"@type":"WebPage","@id":"https:\/\/discoveredintravel.com\/privacy-policy\/","url":"https:\/\/discoveredintravel.com\/privacy-policy\/","name":"Impressum - Discovered in travel","isPartOf":{"@id":"https:\/\/discoveredintravel.com\/#website"},"datePublished":"2025-01-27T01:04:54+00:00","dateModified":"2025-03-11T12:44:29+00:00","breadcrumb":{"@id":"https:\/\/discoveredintravel.com\/privacy-policy\/#breadcrumb"},"inLanguage":"en-US","potentialAction":[{"@type":"ReadAction","target":["https:\/\/discoveredintravel.com\/privacy-policy\/"]}]},{"@type":"BreadcrumbList","@id":"https:\/\/discoveredintravel.com\/privacy-policy\/#breadcrumb","itemListElement":[{"@type":"ListItem","position":1,"name":"Home","item":"https:\/\/discoveredintravel.com\/"},{"@type":"ListItem","position":2,"name":"Impressum"}]},{"@type":"WebSite","@id":"https:\/\/discoveredintravel.com\/#website","url":"https:\/\/discoveredintravel.com\/","name":"Discoveredintravel","description":"Unser Reiseblog bietet wertvolle Tipps, spannende Geschichten und praktische Ratschl\u00e4ge f\u00fcr das Reisen, auch mit kleinen Kindern \u2013 von abenteuerlichen Zielen bis hin zu praktischen Packlisten. Perfekt f\u00fcr alle, die das Reisen genie\u00dfen wollen!","publisher":{"@id":"https:\/\/discoveredintravel.com\/#organization"},"potentialAction":[{"@type":"SearchAction","target":{"@type":"EntryPoint","urlTemplate":"https:\/\/discoveredintravel.com\/?s={search_term_string}"},"query-input":{"@type":"PropertyValueSpecification","valueRequired":true,"valueName":"search_term_string"}}],"inLanguage":"en-US"},{"@type":"Organization","@id":"https:\/\/discoveredintravel.com\/#organization","name":"Discoveredintravel","url":"https:\/\/discoveredintravel.com\/","logo":{"@type":"ImageObject","inLanguage":"en-US","@id":"https:\/\/discoveredintravel.com\/#\/schema\/logo\/image\/","url":"https:\/\/i0.wp.com\/discoveredintravel.com\/wp-content\/uploads\/2025\/02\/logo-png.png?fit=4000%2C1366&ssl=1","contentUrl":"https:\/\/i0.wp.com\/discoveredintravel.com\/wp-content\/uploads\/2025\/02\/logo-png.png?fit=4000%2C1366&ssl=1","width":4000,"height":1366,"caption":"Discoveredintravel"},"image":{"@id":"https:\/\/discoveredintravel.com\/#\/schema\/logo\/image\/"},"sameAs":["https:\/\/www.facebook.com\/discoveredintravel\/","https:\/\/www.instagram.com\/discoveredintravel\/"]}]}},"jetpack_sharing_enabled":true,"jetpack-related-posts":[{"id":64,"url":"https:\/\/discoveredintravel.com\/en\/datenschutzerklaerung\/","url_meta":{"origin":3,"position":0},"title":"Datenschutzerkl\u00e4rung","author":"Birgit","date":"March 11, 2025","format":false,"excerpt":"Wer wir sind Die Adresse unserer Website ist: https:\/\/discoveredintravel.com. Kommentare Wenn Besucher Kommentare auf der Website schreiben, sammeln wir die Daten, die im Kommentar-Formular angezeigt werden, au\u00dferdem die IP-Adresse des Besuchers und den User-Agent-String (damit wird der Browser identifiziert), um die Erkennung von Spam zu unterst\u00fctzen. Aus deiner E-Mail-Adresse kann\u2026","rel":"","context":"Similar post","block_context":{"text":"Similar post","link":""},"img":{"alt_text":"","src":"","width":0,"height":0},"classes":[]}],"_links":{"self":[{"href":"https:\/\/discoveredintravel.com\/en\/wp-json\/wp\/v2\/pages\/3","targetHints":{"allow":["GET"]}}],"collection":[{"href":"https:\/\/discoveredintravel.com\/en\/wp-json\/wp\/v2\/pages"}],"about":[{"href":"https:\/\/discoveredintravel.com\/en\/wp-json\/wp\/v2\/types\/page"}],"author":[{"embeddable":true,"href":"https:\/\/discoveredintravel.com\/en\/wp-json\/wp\/v2\/users\/1"}],"replies":[{"embeddable":true,"href":"https:\/\/discoveredintravel.com\/en\/wp-json\/wp\/v2\/comments?post=3"}],"version-history":[{"count":2,"href":"https:\/\/discoveredintravel.com\/en\/wp-json\/wp\/v2\/pages\/3\/revisions"}],"predecessor-version":[{"id":63,"href":"https:\/\/discoveredintravel.com\/en\/wp-json\/wp\/v2\/pages\/3\/revisions\/63"}],"wp:attachment":[{"href":"https:\/\/discoveredintravel.com\/en\/wp-json\/wp\/v2\/media?parent=3"}],"curies":[{"name":"wp","href":"https:\/\/api.w.org\/{rel}","templated":true}]}}